{"id":1207,"date":"2016-08-23T09:49:00","date_gmt":"2016-08-23T06:49:00","guid":{"rendered":"http:\/\/finnairinsukeltajat.fi\/?page_id=1207"},"modified":"2026-03-09T22:34:40","modified_gmt":"2026-03-09T20:34:40","slug":"hallivuorot","status":"publish","type":"page","link":"http:\/\/finnairinsukeltajat.fi\/?page_id=1207","title":{"rendered":"Uimahallivuorot Tikkurilassa 2025-2026"},"content":{"rendered":"\n<p>Olemme saaneet Tikkurilan uimahalliin oman vuoron. Siirr\u00e4mme t\u00e4st\u00e4 eteenp\u00e4in kaiken sukelluskoulutuksemme ja -introt Tikkurilan uimahalliin. Tikkurilaan p\u00e4\u00e4see 5 euroa kerta tai 50 euroa koko kausi, noin 30 hallikertaa syyskuusta toukokuuhun.<\/p>\n\n\n\n<p>Erillist\u00e4 Vantaan uimahallikorttia ei tarvitse hankkia. Kausikortin halutessasi pyyd\u00e4 lasku &amp; viitenumero <a href=\"http:\/\/finnairinsukeltajat.fi\/?page_id=2\" data-type=\"page\" data-id=\"2\">Timo M\u00e4kiselt\u00e4<\/a>, kertauinnit laskutamme joulukuussa ja toukokuussa. <\/p>\n\n\n\n<p>P\u00e4\u00e4st\u00e4ksesi halliin sinun pit\u00e4\u00e4 olla lipputiskill\u00e4 ENNEN klo 20:00 ja kertoa olevasi Finnairin Sukeltajat ry j\u00e4sen. Siit\u00e4 sitten valvojan kanssa sukelluskamoja sivuovelta hakemaan, tai uimarina suoraan saunan kautta altaalle odottamaan kuulutusta \u201duintiaika on p\u00e4\u00e4ttynyt.\u201d<\/p>\n\n\n\n<p>Allasaika on tasan tunti, klo 20:30 \u2013 21:30. Uimahallista on poistuttava klo 22:00 menness\u00e4.<\/p>\n\n\n\n<p>Nimenhuutoon tehd\u00e4\u00e4n tapahtuma jokaisesta perjantaista, kun halli on auki kauden aikana, ilmoittautumiset sit\u00e4 kautta.<\/p>\n\n\n\n<p>Sukeltajilla on k\u00e4yt\u00f6ss\u00e4 4,5 metri\u00e4 syv\u00e4 hyppyallas ja \u201dmonttua\u201d l\u00e4hin rata numero kuusi. T\u00e4m\u00e4 4,5 metrin syvyinen alue jatkuu my\u00f6s ratojen viisi ja nelj\u00e4 keskivaiheen alle.<\/p>\n\n\n\n<p>Pys\u00e4k\u00f6inti on maksutonta ja parkkipaikkoja l\u00f6ytyy l\u00e4helt\u00e4.<\/p>\n\n\n\n<p>Sukellusvarusteet saa tuotua autolla uimahallin sivuovelle ja v\u00e4hill\u00e4 askeleilla k\u00e4tev\u00e4sti altaan viereen, jossa paketit voi koota jo ennen allasaikaa.<\/p>\n\n\n\n<p>Tervetuloa kirkkaaseen ja l\u00e4mp\u00f6iseen veteen:)<\/p>\n\n\n\n<p>Ps. Merisukeltajilla k\u00e4yt\u00f6ss\u00e4 edelleen Kallion urheilutalolla vuoro perjantai iltaisin, jota my\u00f6s meid\u00e4n j\u00e4senet voivat hy\u00f6dynt\u00e4\u00e4. Sinne voi ostaa oman kausikortin 50 eurolla, tai k\u00e4yd\u00e4 yksitt\u00e4isi\u00e4 kertoja \u00e1 5 euroa.<\/p>\n\n\n\n<p>Kausikortti on henkil\u00f6kohtainen. Yksitt\u00e4isell\u00e4 k\u00e4ynnill\u00e4 pyydet\u00e4\u00e4n kassalta kertak\u00e4ytt\u00f6inen kulkukortti.<\/p>\n\n\n\n<p>Lis\u00e4tiedot ja maksuohjeet saat Katja J\u00e4\u00e4skel\u00e4iselt\u00e4&nbsp;<a href=\"mailto:katja.jaaskelainen@merisukeltajat.fi\" target=\"_blank\" rel=\"noreferrer noopener\">katja.jaaskelainen@merisukeltajat.fi<\/a><\/p>\n\n\n\n<p><\/p>\n\n\n\n<div style=\"height:100px\" aria-hidden=\"true\" class=\"wp-block-spacer\"><\/div>\n","protected":false},"excerpt":{"rendered":"<p>Olemme saaneet Tikkurilan uimahalliin oman vuoron. Siirr\u00e4mme t\u00e4st\u00e4 eteenp\u00e4in kaiken sukelluskoulutuksemme ja -introt Tikkurilan uimahalliin. Tikkurilaan p\u00e4\u00e4see 5 euroa kerta tai 50 euroa koko kausi, noin 30 hallikertaa syyskuusta toukokuuhun. Erillist\u00e4 Vantaan uimahallikorttia ei tarvitse hankkia. Kausikortin halutessasi pyyd\u00e4 lasku &amp; viitenumero Timo M\u00e4kiselt\u00e4, kertauinnit laskutamme joulukuussa ja toukokuussa. P\u00e4\u00e4st\u00e4ksesi [&hellip;]<\/p>\n","protected":false},"author":1,"featured_media":0,"parent":163,"menu_order":5,"comment_status":"closed","ping_status":"closed","template":"page-templates\/template-page-sidebar.php","meta":{"footnotes":""},"class_list":["post-1207","page","type-page","status-publish","hentry"],"jetpack_sharing_enabled":true,"_links":{"self":[{"href":"http:\/\/finnairinsukeltajat.fi\/index.php?rest_route=\/wp\/v2\/pages\/1207","targetHints":{"allow":["GET"]}}],"collection":[{"href":"http:\/\/finnairinsukeltajat.fi\/index.php?rest_route=\/wp\/v2\/pages"}],"about":[{"href":"http:\/\/finnairinsukeltajat.fi\/index.php?rest_route=\/wp\/v2\/types\/page"}],"author":[{"embeddable":true,"href":"http:\/\/finnairinsukeltajat.fi\/index.php?rest_route=\/wp\/v2\/users\/1"}],"replies":[{"embeddable":true,"href":"http:\/\/finnairinsukeltajat.fi\/index.php?rest_route=%2Fwp%2Fv2%2Fcomments&post=1207"}],"version-history":[{"count":23,"href":"http:\/\/finnairinsukeltajat.fi\/index.php?rest_route=\/wp\/v2\/pages\/1207\/revisions"}],"predecessor-version":[{"id":50112,"href":"http:\/\/finnairinsukeltajat.fi\/index.php?rest_route=\/wp\/v2\/pages\/1207\/revisions\/50112"}],"up":[{"embeddable":true,"href":"http:\/\/finnairinsukeltajat.fi\/index.php?rest_route=\/wp\/v2\/pages\/163"}],"wp:attachment":[{"href":"http:\/\/finnairinsukeltajat.fi\/index.php?rest_route=%2Fwp%2Fv2%2Fmedia&parent=1207"}],"curies":[{"name":"wp","href":"https:\/\/api.w.org\/{rel}","templated":true}]}}