{"id":1347,"date":"2017-05-20T20:09:38","date_gmt":"2017-05-20T17:09:38","guid":{"rendered":"http:\/\/finnairinsukeltajat.fi\/?page_id=1347"},"modified":"2026-03-09T22:29:13","modified_gmt":"2026-03-09T20:29:13","slug":"iltasukellus","status":"publish","type":"page","link":"http:\/\/finnairinsukeltajat.fi\/?page_id=1347","title":{"rendered":"Iltasukellukset"},"content":{"rendered":"<h3><strong><span class=\"cff-text\" data-color=\"\">Tervehdys sukeltajakamut!<\/span><\/strong><\/h3>\n<p>Sukellukset Cicilia II veneell\u00e4 kaudella 2026 keskiviikkoisin.<\/p>\n<p>On hyv\u00e4 kerrata taas toimintaohjeet kuinka homma toimii k\u00e4tev\u00e4sti. Iltasukellukset l\u00e4htev\u00e4t aina Sarvaston venekerhon laiturista. Paikka l\u00f6ytyy Helsingist\u00e4, Jollaksesta. Osoite on <a href=\"https:\/\/www.google.fi\/maps\/place\/Sarvaston+venekerho\/@60.1671667,25.0561997,17z\/data=!4m13!1m7!3m6!1s0x46920ea6fd22a48f:0x3ff98d302d107a65!2sIsonsarvastontie,+00840+Helsinki!3b1!8m2!3d60.1671667!4d25.0583884!3m4!1s0x46920ea6e048a787:0x8b64831dd8488879!8m2!3d60.166156!4d25.0571812\">Isonsarvastontie 00840 Helsinki.<\/a><\/p>\n<p>Iltakeikat ovat keskiviikkoisin, mahdollisuuksien mukaan j\u00e4rk\u00e4t\u00e4\u00e4n venel\u00e4ht\u00f6j\u00e4 my\u00f6s muina p\u00e4ivin\u00e4 ja viikonloppuisin. Reissut l\u00f6ytyv\u00e4t nimenhuudosta. Tapahtumista laitetaan ilmoituksia my\u00f6s seuran Facebook-sivuille.\u00a0<\/p>\n<p>Iltaisin merelle l\u00e4hdet\u00e4\u00e4n touko- ja kes\u00e4kuussa klo 17.30 ja hein\u00e4kuusta eteenp\u00e4in klo 17.00. SIIS L\u00c4HDET\u00c4\u00c4N. Sit\u00e4 ennen on oltava vene pakattuna. Ole siis ajoissa paikalla, montaa minuuttia ei vene odottele!\u00a0 Keskiviikkojen iltareissut soveltuvat kaiken tasoisille sukeltajille ja kohteet valitaan sen mukaan. Kuitenkin t\u00e4ytyy muistaa, ett\u00e4 keliolosuhteet m\u00e4\u00e4ritt\u00e4v\u00e4t lopullisen kohteen.<\/p>\n<p>Reissuille ilmoittaudutaan nimenhuudon kautta: <a href=\"https:\/\/mukeltajat.nimenhuuto.com\/sessions\/new\" target=\"_blank\" rel=\"noopener\">https:\/\/mukeltajat.nimenhuuto.com\/sessions\/new<\/a><br \/>Ohjeet ilmoittautumiseen: <a href=\"http:\/\/finnairinsukeltajat.fi\/wp-content\/uploads\/2024\/04\/Mukeltajat-nimenhuuto-ohjeistus.pdf\" target=\"_blank\" rel=\"noopener\">Mukeltajat nimenhuuto ohjeistus<\/a><\/p>\n<p><strong>Ilmoittautuminen tapahtuu vain ja ainoastaan nimenhuudon kautta eik\u00e4 en\u00e4\u00e4 tekstiviestill\u00e4.<\/strong><strong> <\/strong>Ilmoittautumisen voi peruuttaa maksutta tiistai iltaan klo 22.00 asti, jonka j\u00e4lkeen esteen sattuessa olet sitoutunut maksamaan iltal\u00e4hd\u00f6n hinnan.<strong><br \/><\/strong><\/p>\n<p>Hinnoittelu reissuille: <a href=\"http:\/\/finnairinsukeltajat.fi\/wp-content\/uploads\/2024\/04\/Hinnasto.pdf\" target=\"_blank\" rel=\"noopener\">K\u00e4yt\u00f6ss\u00e4 vy\u00f6hykehinnoittelu<\/a>. <strong>Keskitt\u00e4minen muuten kannattaa t\u00e4ss\u00e4kin asiassa. K\u00e4yt\u00f6ss\u00e4 on ns. femma kortti\u2026 Sukella 5 kertaa ja saat 6. keikan ilmaiseksi! <\/strong>Veneell\u00e4 on t\u00e4st\u00e4 asiasta lista. N\u00e4m\u00e4 hinnat vain Finnairin sukeltajien, Merisukeltajien sek\u00e4 Keski-Uudenmaan sukeltajien j\u00e4senille . Olet l\u00e4mpim\u00e4sti tervetullut iltasukelluksille mukaan vaikka et olisi seuramme j\u00e4sen kannatusj\u00e4senen muodossa +5\u20ac. Reissu maksetaan veneell\u00e4 maksukortilla.<\/p>\n<p>Sukelluspulloihin tarjotaan tiistai iltaisin seuran t\u00e4ytt\u00f6 asemalla ilmaa klo 18-19 v\u00e4liss\u00e4. Nimenhuutoon luodaan tapahtuma ja <strong>ILMAN ILMOITTAUTUMISTA KET\u00c4\u00c4N EI OLE PAIKALLA.\u00a0<\/strong><\/p>\n<p>Kes\u00e4ll\u00e4 kaunis p\u00e4iv\u00e4 saattaa muuttua viile\u00e4ksi illaksi. Varaa siis aina keliin sopiva varustus. Dyykin j\u00e4lkeen monesti maistuu ev\u00e4s, joten se kannattaa huomioida my\u00f6s. Veneell\u00e4 ei ole wc:t\u00e4, mutta Sarvaston rannassa on toimistorakennus, jossa p\u00e4\u00e4see k\u00e4ym\u00e4\u00e4n ennen merelle l\u00e4ht\u00f6\u00e4. Veneeseen mahtuu 10 henke\u00e4, mutta sukeltajien m\u00e4\u00e4r\u00e4 on rajattu 8 ihan k\u00e4yt\u00e4nn\u00f6n syist\u00e4. Veneest\u00e4 l\u00f6ytyy kaikille pelastautumisv\u00e4lineet ja pelastusliivin k\u00e4ytt\u00f6 on PAKOLLISTA aina, kun ollaan kannella. T\u00e4h\u00e4n ei ole mahdollista saada poikkeuksia miss\u00e4\u00e4n tilanteessa. Jos sinulla on oma ns. paukkuliivi, niin sen mukaan otto on ihan suositeltavaa. Se on mukavampi k\u00e4ytt\u00e4\u00e4 kannella ollessa.<\/p>\n<p>Kun merell\u00e4 ollaan tuttujen kanssa niin l\u00e4ht\u00f6kohtaisesti kaikki jeesaa kaikkia. Kippari pyyt\u00e4\u00e4 ja k\u00e4skee auttamaan ainakin rantautumistilanteissa, joten jokainen on silloin velvollinen auttamaan. Veneen kipparilla on jokaisessa asiassa viimeinen sananvalta. Hyv\u00e4ll\u00e4 yhteisty\u00f6ll\u00e4 ja samalla rennolla fiiliksell\u00e4 toiminta veneell\u00e4 on turvallista ja hauskaa. Iltakeikoille on mahdollista l\u00e4hte\u00e4 mukaan ihan vaan nauttimaan merellisest\u00e4 tunnelmasta, jos t\u00e4llainen kiinnostaa niin laita viesti\u00e4 vaikka Heselle 044-5302447 niin katsotaan paikkatilanne.<\/p>\n<p>N\u00e4ill\u00e4 ohjeilla homma toimii ja saadaan kiva kes\u00e4 aikaiseksi yhteisen mahtavan harrastuksen parissa.<\/p>\n<p>Tervetuloa mukaan!<\/p>\n\n\n<div style=\"height:100px\" aria-hidden=\"true\" class=\"wp-block-spacer\"><\/div>\n","protected":false},"excerpt":{"rendered":"<p>Tervehdys sukeltajakamut! Sukellukset Cicilia II veneell\u00e4 kaudella 2026 keskiviikkoisin. On hyv\u00e4 kerrata taas toimintaohjeet kuinka homma toimii k\u00e4tev\u00e4sti. Iltasukellukset l\u00e4htev\u00e4t aina Sarvaston venekerhon laiturista. Paikka l\u00f6ytyy Helsingist\u00e4, Jollaksesta. Osoite on Isonsarvastontie 00840 Helsinki. Iltakeikat ovat keskiviikkoisin, mahdollisuuksien mukaan j\u00e4rk\u00e4t\u00e4\u00e4n venel\u00e4ht\u00f6j\u00e4 my\u00f6s muina p\u00e4ivin\u00e4 ja viikonloppuisin. Reissut l\u00f6ytyv\u00e4t nimenhuudosta. Tapahtumista laitetaan [&hellip;]<\/p>\n","protected":false},"author":1,"featured_media":0,"parent":163,"menu_order":0,"comment_status":"closed","ping_status":"closed","template":"page-templates\/template-page-sidebar.php","meta":{"footnotes":""},"class_list":["post-1347","page","type-page","status-publish","hentry"],"jetpack_sharing_enabled":true,"_links":{"self":[{"href":"http:\/\/finnairinsukeltajat.fi\/index.php?rest_route=\/wp\/v2\/pages\/1347","targetHints":{"allow":["GET"]}}],"collection":[{"href":"http:\/\/finnairinsukeltajat.fi\/index.php?rest_route=\/wp\/v2\/pages"}],"about":[{"href":"http:\/\/finnairinsukeltajat.fi\/index.php?rest_route=\/wp\/v2\/types\/page"}],"author":[{"embeddable":true,"href":"http:\/\/finnairinsukeltajat.fi\/index.php?rest_route=\/wp\/v2\/users\/1"}],"replies":[{"embeddable":true,"href":"http:\/\/finnairinsukeltajat.fi\/index.php?rest_route=%2Fwp%2Fv2%2Fcomments&post=1347"}],"version-history":[{"count":33,"href":"http:\/\/finnairinsukeltajat.fi\/index.php?rest_route=\/wp\/v2\/pages\/1347\/revisions"}],"predecessor-version":[{"id":50111,"href":"http:\/\/finnairinsukeltajat.fi\/index.php?rest_route=\/wp\/v2\/pages\/1347\/revisions\/50111"}],"up":[{"embeddable":true,"href":"http:\/\/finnairinsukeltajat.fi\/index.php?rest_route=\/wp\/v2\/pages\/163"}],"wp:attachment":[{"href":"http:\/\/finnairinsukeltajat.fi\/index.php?rest_route=%2Fwp%2Fv2%2Fmedia&parent=1347"}],"curies":[{"name":"wp","href":"https:\/\/api.w.org\/{rel}","templated":true}]}}