{"id":150,"date":"2015-04-23T22:59:16","date_gmt":"2015-04-23T19:59:16","guid":{"rendered":"http:\/\/finnairinsukeltajat.fi\/?page_id=150"},"modified":"2026-03-10T23:07:29","modified_gmt":"2026-03-10T21:07:29","slug":"finnairin-sukeltajat-ry","status":"publish","type":"page","link":"http:\/\/finnairinsukeltajat.fi\/","title":{"rendered":"Finnairin sukeltajat ry."},"content":{"rendered":"<h3><\/h3>\n<h3><strong>Tervehdys sukeltajakamut!<\/strong><\/h3>\n<p>Olet saapunut Finnairin sukeltajien sivuille. T\u00e4\u00e4lt\u00e4 l\u00f6yd\u00e4t tietoa meist\u00e4 ja meid\u00e4n toiminnasta.<\/p>\n\n\n<p><a href=\"http:\/\/finnairinsukeltajat.fi\/wp-content\/uploads\/2025\/10\/toimintasuunnitelma-2026.pdf\" data-type=\"attachment\" data-id=\"50090\">Toimintasuunnitelma 2026 luettavissa t\u00e4st\u00e4 linkist\u00e4.<\/a><\/p>\n\n\n\n<figure class=\"wp-block-image size-full is-resized\"><img data-recalc-dims=\"1\" loading=\"lazy\" decoding=\"async\" width=\"420\" height=\"315\" src=\"https:\/\/i0.wp.com\/finnairinsukeltajat.fi\/wp-content\/uploads\/2021\/04\/38686890_1756305987770845_1491277494882402304_n.jpg?resize=420%2C315\" alt=\"\" class=\"wp-image-49602\" style=\"aspect-ratio:1.3326848249027237;width:530px;height:auto\" srcset=\"https:\/\/i0.wp.com\/finnairinsukeltajat.fi\/wp-content\/uploads\/2021\/04\/38686890_1756305987770845_1491277494882402304_n.jpg?w=420 420w, https:\/\/i0.wp.com\/finnairinsukeltajat.fi\/wp-content\/uploads\/2021\/04\/38686890_1756305987770845_1491277494882402304_n.jpg?resize=300%2C225 300w\" sizes=\"auto, (max-width: 420px) 100vw, 420px\" \/><\/figure>\n","protected":false},"excerpt":{"rendered":"<p>Tervehdys sukeltajakamut! Olet saapunut Finnairin sukeltajien sivuille. T\u00e4\u00e4lt\u00e4 l\u00f6yd\u00e4t tietoa meist\u00e4 ja meid\u00e4n toiminnasta. Toimintasuunnitelma 2026 luettavissa t\u00e4st\u00e4 linkist\u00e4.<\/p>\n","protected":false},"author":1,"featured_media":0,"parent":0,"menu_order":0,"comment_status":"closed","ping_status":"closed","template":"page-templates\/template-page-sidebar.php","meta":{"footnotes":""},"class_list":["post-150","page","type-page","status-publish","hentry"],"jetpack_sharing_enabled":true,"_links":{"self":[{"href":"http:\/\/finnairinsukeltajat.fi\/index.php?rest_route=\/wp\/v2\/pages\/150","targetHints":{"allow":["GET"]}}],"collection":[{"href":"http:\/\/finnairinsukeltajat.fi\/index.php?rest_route=\/wp\/v2\/pages"}],"about":[{"href":"http:\/\/finnairinsukeltajat.fi\/index.php?rest_route=\/wp\/v2\/types\/page"}],"author":[{"embeddable":true,"href":"http:\/\/finnairinsukeltajat.fi\/index.php?rest_route=\/wp\/v2\/users\/1"}],"replies":[{"embeddable":true,"href":"http:\/\/finnairinsukeltajat.fi\/index.php?rest_route=%2Fwp%2Fv2%2Fcomments&post=150"}],"version-history":[{"count":116,"href":"http:\/\/finnairinsukeltajat.fi\/index.php?rest_route=\/wp\/v2\/pages\/150\/revisions"}],"predecessor-version":[{"id":50129,"href":"http:\/\/finnairinsukeltajat.fi\/index.php?rest_route=\/wp\/v2\/pages\/150\/revisions\/50129"}],"wp:attachment":[{"href":"http:\/\/finnairinsukeltajat.fi\/index.php?rest_route=%2Fwp%2Fv2%2Fmedia&parent=150"}],"curies":[{"name":"wp","href":"https:\/\/api.w.org\/{rel}","templated":true}]}}