{"id":21,"date":"2015-03-24T14:29:44","date_gmt":"2015-03-24T12:29:44","guid":{"rendered":"http:\/\/finnairinsukeltajat.fi\/?page_id=21"},"modified":"2020-11-02T08:07:31","modified_gmt":"2020-11-02T06:07:31","slug":"toiminta","status":"publish","type":"page","link":"http:\/\/finnairinsukeltajat.fi\/?page_id=21","title":{"rendered":"Karttoja sukelluspaikoille"},"content":{"rendered":"<p><strong>Muutamia karttoja ja ohjeita kuinka paikalle p\u00e4\u00e4see<\/strong><\/p>\n<p style=\"text-align: left;\"><a href=\"http:\/\/finnairinsukeltajat.fi\/wp-content\/uploads\/2016\/01\/Iso-Melkutin-lopullinen.pdf\" target=\"_blank\" rel=\"noopener noreferrer\">Iso Melkutin R\u00e4ysk\u00e4l\u00e4<\/a> (panu)<\/p>\n<p><a href=\"http:\/\/finnairinsukeltajat.fi\/wp-content\/uploads\/2016\/01\/porkkala.jpg\" target=\"_blank\" rel=\"noopener noreferrer\">Porkkala<\/a><\/p>\n<p><a href=\"http:\/\/finnairinsukeltajat.fi\/wp-content\/uploads\/2016\/01\/Porkkala2.jpg\" target=\"_blank\" rel=\"noopener noreferrer\">Porkkala (<\/a>Panu)<\/p>\n<p><a href=\"http:\/\/finnairinsukeltajat.fi\/wp-content\/uploads\/2016\/01\/Tammisaari-Predium.pdf\" target=\"_blank\" rel=\"noopener noreferrer\">Predium 1<\/a><\/p>\n<p><a href=\"http:\/\/finnairinsukeltajat.fi\/wp-content\/uploads\/2016\/01\/Predium_Navigator.pdf\" target=\"_blank\" rel=\"noopener noreferrer\">Predium 2<\/a><\/p>\n<p><a href=\"http:\/\/villakosthall.com\/\" target=\"_blank\" rel=\"noopener noreferrer\">Kosth\u00e5ll<\/a> (edullista majitusta Skogbyss\u00e4, laituri)<\/p>\n<p><a href=\"http:\/\/finnairinsukeltajat.fi\/wp-content\/uploads\/2016\/01\/Nikuviken.jpg\" target=\"_blank\" rel=\"noopener noreferrer\">Nikuviken<\/a><\/p>\n\n\n<div style=\"height:100px\" aria-hidden=\"true\" class=\"wp-block-spacer\"><\/div>\n","protected":false},"excerpt":{"rendered":"<p>Muutamia karttoja ja ohjeita kuinka paikalle p\u00e4\u00e4see Iso Melkutin R\u00e4ysk\u00e4l\u00e4 (panu) Porkkala Porkkala (Panu) Predium 1 Predium 2 Kosth\u00e5ll (edullista majitusta Skogbyss\u00e4, laituri) Nikuviken<\/p>\n","protected":false},"author":1,"featured_media":61,"parent":0,"menu_order":0,"comment_status":"closed","ping_status":"closed","template":"","meta":{"footnotes":""},"class_list":["post-21","page","type-page","status-publish","has-post-thumbnail","hentry"],"jetpack_sharing_enabled":true,"_links":{"self":[{"href":"http:\/\/finnairinsukeltajat.fi\/index.php?rest_route=\/wp\/v2\/pages\/21","targetHints":{"allow":["GET"]}}],"collection":[{"href":"http:\/\/finnairinsukeltajat.fi\/index.php?rest_route=\/wp\/v2\/pages"}],"about":[{"href":"http:\/\/finnairinsukeltajat.fi\/index.php?rest_route=\/wp\/v2\/types\/page"}],"author":[{"embeddable":true,"href":"http:\/\/finnairinsukeltajat.fi\/index.php?rest_route=\/wp\/v2\/users\/1"}],"replies":[{"embeddable":true,"href":"http:\/\/finnairinsukeltajat.fi\/index.php?rest_route=%2Fwp%2Fv2%2Fcomments&post=21"}],"version-history":[{"count":25,"href":"http:\/\/finnairinsukeltajat.fi\/index.php?rest_route=\/wp\/v2\/pages\/21\/revisions"}],"predecessor-version":[{"id":47668,"href":"http:\/\/finnairinsukeltajat.fi\/index.php?rest_route=\/wp\/v2\/pages\/21\/revisions\/47668"}],"wp:featuredmedia":[{"embeddable":true,"href":"http:\/\/finnairinsukeltajat.fi\/index.php?rest_route=\/wp\/v2\/media\/61"}],"wp:attachment":[{"href":"http:\/\/finnairinsukeltajat.fi\/index.php?rest_route=%2Fwp%2Fv2%2Fmedia&parent=21"}],"curies":[{"name":"wp","href":"https:\/\/api.w.org\/{rel}","templated":true}]}}