{"id":309,"date":"2016-01-11T10:10:17","date_gmt":"2016-01-11T08:10:17","guid":{"rendered":"http:\/\/finnairinsukeltajat.fi\/?page_id=309"},"modified":"2026-03-09T22:41:29","modified_gmt":"2026-03-09T20:41:29","slug":"sukelluskoulutus-2","status":"publish","type":"page","link":"http:\/\/finnairinsukeltajat.fi\/?page_id=309","title":{"rendered":"Sukelluskoulutus"},"content":{"rendered":"<p>Laitesukelluksen peruskurssilla opetellaan ne perustiedot ja -taidot, jotka laitesukeltaja tarvitsee sukeltaakseen ohjatusti esim. sukellusseuran leireill\u00e4 ja sukelluskeskusten j\u00e4rjest\u00e4mill\u00e4 retkill\u00e4. Kurssin p\u00e4\u00e4paino on k\u00e4yt\u00e4nn\u00f6n perustaitojen opettelussa ja sukellusturvallisuudessa.<\/p>\n<p>Peruskurssi sis\u00e4lt\u00e4\u00e4 7 teoriakertaa, 6 allaskertaa\u00a0ja 4-5\u00a0avovesisukellusta. V\u00e4hint\u00e4\u00e4n 10h teoriaa ja 10h allas opetusta, altaalla voi jatkaa treenaamista toukokuun loppuun saakka viel\u00e4 seuran hallivuorolla. Hallivuorot j\u00e4rjestet\u00e4\u00e4n <a href=\"https:\/\/www.google.com\/maps\/place\/Tikkurilan+uimahalli\/@60.2989588,25.0279849,17z\/data=!3m1!4b1!4m6!3m5!1s0x469207bde587956b:0x774c303edf034a9f!8m2!3d60.2989562!4d25.0305598!16s%2Fg%2F11f3r7sz8_?entry=ttu&amp;g_ep=EgoyMDI2MDMwNS4wIKXMDSoASAFQAw%3D%3D\" target=\"_blank\" rel=\"noopener noreferrer\">Tikkurilan uimahallissa<\/a>, teoria osuudet lentokent\u00e4n l\u00e4heisyydess\u00e4. Kurssi antaa valmiudet tehd\u00e4 suoranoususukelluksia enint\u00e4\u00e4n 15-20 metrin syvyydess\u00e4 edellytt\u00e4en, ett\u00e4 sukellusolosuhteet ovat vastaavat tai paremmat kuin miss\u00e4 kurssi on j\u00e4rjestetty. Kurssin alaik\u00e4raja on 15\u00a0vuotta, normaali terveys, alle 18-vuotiaalta huoltajan suostumus.<\/p>\n<p>Finnairin sukeltajilta\u00a0saa\u00a0sukelluslaitteet ja k\u00e4ytett\u00e4v\u00e4n paine-ilman kurssin ajaksi.\u00a0Perusv\u00e4lineet maski, r\u00e4pyl\u00e4t ja snorkkeli tulee olla hankittuna ennen kurssin alkua.<\/p>\n<p>Kurssimaksuun sis\u00e4ltyy my\u00f6s kuluvan vuoden j\u00e4senyys Finnairin sukeltajiin ja sukeltajaliittoon.<\/p>\n<p>Perusv\u00e4lineiden lis\u00e4ksi, sukeltajan tulee hankkia riitt\u00e4v\u00e4 puku avovesisukelluksiin.<\/p>\n<p>Kurssin l\u00e4p\u00e4isseelle sukeltajalle my\u00f6nnet\u00e4\u00e4n sukeltajakortti. Sukeltajaliiton koulutusohjelman mukainen laitesukelluksen peruskurssi t\u00e4ytt\u00e4\u00e4 kansainv\u00e4lisesti CMAS P1-koulutusstandardin vaatimukset.<\/p>\n<p>Lis\u00e4ksi seuramme kouluttaa sukelluksen jatkokurssin P2 aina halukkuuden\/tarpeen mukaan. Seuramme kautta on mahdollisuus suorittaa my\u00f6s erikoiskursseja, kuten mm. rikastetun ilman erikoiskurssi &#8221;nitrox&#8221;, kuivapukukurssi jne. Ilmoita kiinnostuksesi niin j\u00e4rjestet\u00e4\u00e4n:)<\/p>\n<p>Koulutusvastaava<br \/><strong>Timo Lammi<\/strong><br \/><a href=\"mailto:sukelluskoulutus@finnairinsukeltajat.fi\">sukelluskoulutus@finnairinsukeltajat.fi<\/a><br \/>Puh. 040 750\u00a0 2244<\/p>\n\n\n<div style=\"height:100px\" aria-hidden=\"true\" class=\"wp-block-spacer\"><\/div>\n","protected":false},"excerpt":{"rendered":"<p>Laitesukelluksen peruskurssilla opetellaan ne perustiedot ja -taidot, jotka laitesukeltaja tarvitsee sukeltaakseen ohjatusti esim. sukellusseuran leireill\u00e4 ja sukelluskeskusten j\u00e4rjest\u00e4mill\u00e4 retkill\u00e4. Kurssin p\u00e4\u00e4paino on k\u00e4yt\u00e4nn\u00f6n perustaitojen opettelussa ja sukellusturvallisuudessa. Peruskurssi sis\u00e4lt\u00e4\u00e4 7 teoriakertaa, 6 allaskertaa\u00a0ja 4-5\u00a0avovesisukellusta. V\u00e4hint\u00e4\u00e4n 10h teoriaa ja 10h allas opetusta, altaalla voi jatkaa treenaamista toukokuun loppuun saakka viel\u00e4 seuran [&hellip;]<\/p>\n","protected":false},"author":1,"featured_media":0,"parent":0,"menu_order":0,"comment_status":"closed","ping_status":"closed","template":"page-templates\/template-page-sidebar.php","meta":{"footnotes":""},"class_list":["post-309","page","type-page","status-publish","hentry"],"jetpack_sharing_enabled":true,"_links":{"self":[{"href":"http:\/\/finnairinsukeltajat.fi\/index.php?rest_route=\/wp\/v2\/pages\/309","targetHints":{"allow":["GET"]}}],"collection":[{"href":"http:\/\/finnairinsukeltajat.fi\/index.php?rest_route=\/wp\/v2\/pages"}],"about":[{"href":"http:\/\/finnairinsukeltajat.fi\/index.php?rest_route=\/wp\/v2\/types\/page"}],"author":[{"embeddable":true,"href":"http:\/\/finnairinsukeltajat.fi\/index.php?rest_route=\/wp\/v2\/users\/1"}],"replies":[{"embeddable":true,"href":"http:\/\/finnairinsukeltajat.fi\/index.php?rest_route=%2Fwp%2Fv2%2Fcomments&post=309"}],"version-history":[{"count":10,"href":"http:\/\/finnairinsukeltajat.fi\/index.php?rest_route=\/wp\/v2\/pages\/309\/revisions"}],"predecessor-version":[{"id":50114,"href":"http:\/\/finnairinsukeltajat.fi\/index.php?rest_route=\/wp\/v2\/pages\/309\/revisions\/50114"}],"wp:attachment":[{"href":"http:\/\/finnairinsukeltajat.fi\/index.php?rest_route=%2Fwp%2Fv2%2Fmedia&parent=309"}],"curies":[{"name":"wp","href":"https:\/\/api.w.org\/{rel}","templated":true}]}}