{"id":47237,"date":"2020-07-12T16:19:42","date_gmt":"2020-07-12T13:19:42","guid":{"rendered":"http:\/\/finnairinsukeltajat.fi\/?page_id=47237"},"modified":"2021-03-18T17:35:47","modified_gmt":"2021-03-18T15:35:47","slug":"hylkypuisto","status":"publish","type":"page","link":"http:\/\/finnairinsukeltajat.fi\/?page_id=47237","title":{"rendered":"Hylkypuisto"},"content":{"rendered":"\n<p>Kronprins Gustav Adolf.  Hylkyaluetta kiert\u00e4\u00e4 opask\u00f6yden yhdist\u00e4m\u00e4n\u00e4 tietopolku, jonka varrella on linjalaiva Kronprins Gustav Adolfin historiasta ja laivan rakenteesta kertovia tauluja. Hylyn keulassa ja per\u00e4ss\u00e4 on nousu- ja laskeutumisk\u00f6ydet sukeltajia varten. Syvyytt\u00e4 on 19\u201321 metri\u00e4, ja pohja on moreenia ja hiekkaa. Hylyll\u00e4 ei ole yleens\u00e4 haittaavia virtauksia. N\u00e4kyvyys vaihtelee 1\u201310 metriin, normaalisti 4\u20136 metri\u00e4. Eritt\u00e4in mielenkiintoinen kohde. Hylky on levinnyt 100 x 100 metrin alueelle. Tammisten rakenneosien, per\u00e4simen ja rungon alaosan lis\u00e4ksi hylyst\u00e4 l\u00f6ytyy yli 70 tykki\u00e4, kaksi massiivisen kokoista ankkuria ja pahoin tuhoutunutta esineist\u00f6\u00e4.<\/p>\n\n\n\n<div class=\"wp-block-jetpack-slideshow aligncenter\" data-effect=\"slide\"><div class=\"wp-block-jetpack-slideshow_container swiper-container\"><ul class=\"wp-block-jetpack-slideshow_swiper-wrapper swiper-wrapper\"><li class=\"wp-block-jetpack-slideshow_slide swiper-slide\"><figure><img data-recalc-dims=\"1\" loading=\"lazy\" decoding=\"async\" width=\"750\" height=\"500\" alt=\"\" class=\"wp-block-jetpack-slideshow_image wp-image-49537\" data-id=\"49537\" src=\"https:\/\/i0.wp.com\/finnairinsukeltajat.fi\/wp-content\/uploads\/2021\/03\/Kronprins_Gustav_Adolf_underwater_park5_Jesse_Jokinen._Museovirasto.jpg?resize=750%2C500\" srcset=\"https:\/\/i0.wp.com\/finnairinsukeltajat.fi\/wp-content\/uploads\/2021\/03\/Kronprins_Gustav_Adolf_underwater_park5_Jesse_Jokinen._Museovirasto.jpg?resize=1024%2C683 1024w, https:\/\/i0.wp.com\/finnairinsukeltajat.fi\/wp-content\/uploads\/2021\/03\/Kronprins_Gustav_Adolf_underwater_park5_Jesse_Jokinen._Museovirasto.jpg?resize=300%2C200 300w, https:\/\/i0.wp.com\/finnairinsukeltajat.fi\/wp-content\/uploads\/2021\/03\/Kronprins_Gustav_Adolf_underwater_park5_Jesse_Jokinen._Museovirasto.jpg?resize=1536%2C1024 1536w, https:\/\/i0.wp.com\/finnairinsukeltajat.fi\/wp-content\/uploads\/2021\/03\/Kronprins_Gustav_Adolf_underwater_park5_Jesse_Jokinen._Museovirasto.jpg?resize=360%2C240 360w, https:\/\/i0.wp.com\/finnairinsukeltajat.fi\/wp-content\/uploads\/2021\/03\/Kronprins_Gustav_Adolf_underwater_park5_Jesse_Jokinen._Museovirasto.jpg?w=1600 1600w\" sizes=\"(max-width: 750px) 100vw, 750px\" \/><\/figure><\/li><li class=\"wp-block-jetpack-slideshow_slide swiper-slide\"><figure><img data-recalc-dims=\"1\" loading=\"lazy\" decoding=\"async\" width=\"750\" height=\"408\" alt=\"\" class=\"wp-block-jetpack-slideshow_image wp-image-49538\" data-id=\"49538\" src=\"https:\/\/i0.wp.com\/finnairinsukeltajat.fi\/wp-content\/uploads\/2021\/03\/Hylkypuisto_kartta_2.jpg?resize=750%2C408\" srcset=\"https:\/\/i0.wp.com\/finnairinsukeltajat.fi\/wp-content\/uploads\/2021\/03\/Hylkypuisto_kartta_2.jpg?resize=1024%2C557 1024w, https:\/\/i0.wp.com\/finnairinsukeltajat.fi\/wp-content\/uploads\/2021\/03\/Hylkypuisto_kartta_2.jpg?resize=300%2C163 300w, https:\/\/i0.wp.com\/finnairinsukeltajat.fi\/wp-content\/uploads\/2021\/03\/Hylkypuisto_kartta_2.jpg?w=1129 1129w\" sizes=\"(max-width: 750px) 100vw, 750px\" \/><\/figure><\/li><li class=\"wp-block-jetpack-slideshow_slide swiper-slide\"><figure><img data-recalc-dims=\"1\" loading=\"lazy\" decoding=\"async\" width=\"750\" height=\"408\" alt=\"\" class=\"wp-block-jetpack-slideshow_image wp-image-49539\" data-id=\"49539\" src=\"https:\/\/i0.wp.com\/finnairinsukeltajat.fi\/wp-content\/uploads\/2021\/03\/Hylkypuisto_kartta_1.jpg?resize=750%2C408\" srcset=\"https:\/\/i0.wp.com\/finnairinsukeltajat.fi\/wp-content\/uploads\/2021\/03\/Hylkypuisto_kartta_1.jpg?resize=1024%2C557 1024w, https:\/\/i0.wp.com\/finnairinsukeltajat.fi\/wp-content\/uploads\/2021\/03\/Hylkypuisto_kartta_1.jpg?resize=300%2C163 300w, https:\/\/i0.wp.com\/finnairinsukeltajat.fi\/wp-content\/uploads\/2021\/03\/Hylkypuisto_kartta_1.jpg?w=1129 1129w\" sizes=\"(max-width: 750px) 100vw, 750px\" \/><\/figure><\/li><\/ul><a class=\"wp-block-jetpack-slideshow_button-prev swiper-button-prev swiper-button-white\" role=\"button\"><\/a><a class=\"wp-block-jetpack-slideshow_button-next swiper-button-next swiper-button-white\" role=\"button\"><\/a><a aria-label=\"Pause Slideshow\" class=\"wp-block-jetpack-slideshow_button-pause\" role=\"button\"><\/a><div class=\"wp-block-jetpack-slideshow_pagination swiper-pagination swiper-pagination-white\"><\/div><\/div><\/div>\n","protected":false},"excerpt":{"rendered":"<p>Kronprins Gustav Adolf. Hylkyaluetta kiert\u00e4\u00e4 opask\u00f6yden yhdist\u00e4m\u00e4n\u00e4 tietopolku, jonka varrella on linjalaiva Kronprins Gustav Adolfin historiasta ja laivan rakenteesta kertovia tauluja. Hylyn keulassa ja per\u00e4ss\u00e4 on nousu- ja laskeutumisk\u00f6ydet sukeltajia varten. Syvyytt\u00e4 on 19\u201321 metri\u00e4, ja pohja on moreenia ja hiekkaa. Hylyll\u00e4 ei ole yleens\u00e4 haittaavia virtauksia. N\u00e4kyvyys vaihtelee 1\u201310 [&hellip;]<\/p>\n","protected":false},"author":1,"featured_media":0,"parent":0,"menu_order":0,"comment_status":"closed","ping_status":"closed","template":"","meta":{"footnotes":""},"class_list":["post-47237","page","type-page","status-publish","hentry"],"jetpack_sharing_enabled":true,"_links":{"self":[{"href":"http:\/\/finnairinsukeltajat.fi\/index.php?rest_route=\/wp\/v2\/pages\/47237","targetHints":{"allow":["GET"]}}],"collection":[{"href":"http:\/\/finnairinsukeltajat.fi\/index.php?rest_route=\/wp\/v2\/pages"}],"about":[{"href":"http:\/\/finnairinsukeltajat.fi\/index.php?rest_route=\/wp\/v2\/types\/page"}],"author":[{"embeddable":true,"href":"http:\/\/finnairinsukeltajat.fi\/index.php?rest_route=\/wp\/v2\/users\/1"}],"replies":[{"embeddable":true,"href":"http:\/\/finnairinsukeltajat.fi\/index.php?rest_route=%2Fwp%2Fv2%2Fcomments&post=47237"}],"version-history":[{"count":3,"href":"http:\/\/finnairinsukeltajat.fi\/index.php?rest_route=\/wp\/v2\/pages\/47237\/revisions"}],"predecessor-version":[{"id":49540,"href":"http:\/\/finnairinsukeltajat.fi\/index.php?rest_route=\/wp\/v2\/pages\/47237\/revisions\/49540"}],"wp:attachment":[{"href":"http:\/\/finnairinsukeltajat.fi\/index.php?rest_route=%2Fwp%2Fv2%2Fmedia&parent=47237"}],"curies":[{"name":"wp","href":"https:\/\/api.w.org\/{rel}","templated":true}]}}