{"id":47262,"date":"2020-07-12T16:50:06","date_gmt":"2020-07-12T13:50:06","guid":{"rendered":"http:\/\/finnairinsukeltajat.fi\/?page_id=47262"},"modified":"2021-03-18T09:37:35","modified_gmt":"2021-03-18T07:37:35","slug":"aleksanteri-ii","status":"publish","type":"page","link":"http:\/\/finnairinsukeltajat.fi\/?page_id=47262","title":{"rendered":"Aleksanteri II"},"content":{"rendered":"\n<p>T\u00e4m\u00e4 Eestiluodon it\u00e4puolelle vuonna 1894 uponnut 40 metrinen alus on pahasti hajonnut ja lep\u00e4\u00e4 kivipohjalla, jonka johdosta paikalla on usein varsin kohtuullinen n\u00e4kyvyys. Tunnistettavista rakenteista mainittakoon 4,8-metrinen ankkuripeli sek\u00e4 hylyn alta n\u00e4kyv\u00e4 kookas ankkuri. Syvyytt\u00e4 kohteella on 12-16 metri\u00e4.<\/p>\n","protected":false},"excerpt":{"rendered":"<p>T\u00e4m\u00e4 Eestiluodon it\u00e4puolelle vuonna 1894 uponnut 40 metrinen alus on pahasti hajonnut ja lep\u00e4\u00e4 kivipohjalla, jonka johdosta paikalla on usein varsin kohtuullinen n\u00e4kyvyys. Tunnistettavista rakenteista mainittakoon 4,8-metrinen ankkuripeli sek\u00e4 hylyn alta n\u00e4kyv\u00e4 kookas ankkuri. Syvyytt\u00e4 kohteella on 12-16 metri\u00e4.<\/p>\n","protected":false},"author":1,"featured_media":0,"parent":0,"menu_order":0,"comment_status":"closed","ping_status":"closed","template":"","meta":{"footnotes":""},"class_list":["post-47262","page","type-page","status-publish","hentry"],"jetpack_sharing_enabled":true,"_links":{"self":[{"href":"http:\/\/finnairinsukeltajat.fi\/index.php?rest_route=\/wp\/v2\/pages\/47262","targetHints":{"allow":["GET"]}}],"collection":[{"href":"http:\/\/finnairinsukeltajat.fi\/index.php?rest_route=\/wp\/v2\/pages"}],"about":[{"href":"http:\/\/finnairinsukeltajat.fi\/index.php?rest_route=\/wp\/v2\/types\/page"}],"author":[{"embeddable":true,"href":"http:\/\/finnairinsukeltajat.fi\/index.php?rest_route=\/wp\/v2\/users\/1"}],"replies":[{"embeddable":true,"href":"http:\/\/finnairinsukeltajat.fi\/index.php?rest_route=%2Fwp%2Fv2%2Fcomments&post=47262"}],"version-history":[{"count":2,"href":"http:\/\/finnairinsukeltajat.fi\/index.php?rest_route=\/wp\/v2\/pages\/47262\/revisions"}],"predecessor-version":[{"id":49519,"href":"http:\/\/finnairinsukeltajat.fi\/index.php?rest_route=\/wp\/v2\/pages\/47262\/revisions\/49519"}],"wp:attachment":[{"href":"http:\/\/finnairinsukeltajat.fi\/index.php?rest_route=%2Fwp%2Fv2%2Fmedia&parent=47262"}],"curies":[{"name":"wp","href":"https:\/\/api.w.org\/{rel}","templated":true}]}}