{"id":47271,"date":"2020-07-12T16:53:30","date_gmt":"2020-07-12T13:53:30","guid":{"rendered":"http:\/\/finnairinsukeltajat.fi\/?page_id=47271"},"modified":"2021-03-17T12:23:48","modified_gmt":"2021-03-17T10:23:48","slug":"alca","status":"publish","type":"page","link":"http:\/\/finnairinsukeltajat.fi\/?page_id=47271","title":{"rendered":"Alca"},"content":{"rendered":"\n<p>Alca upposi Sipooseen S\u00f6dersk\u00e4r-majakan etel\u00e4puolelle 27.8.1951. Rahtilaiva on oikein p\u00e4in &#8211; t\u00e4ysin muodossa ja suhteellisen hyvin s\u00e4ilynyt. Se oli matkalla Gdyniasta Kotkaan kivihiililastissa. Rahtilaivan hylyss\u00e4 on kaksi ruumaa ja ohjaushytti takana. Se on melko ehj\u00e4. Runko on ter\u00e4st\u00e4, kyljet puuta. Komentosillan ylin hytti on tuhoutunut. Keulassa on selke\u00e4 repeytym\u00e4 vasemmalla puolella. Hylyss\u00e4 on sis\u00e4tiloja, mutta siell\u00e4 p\u00f6lly\u00e4\u00e4 herk\u00e4sti. Etummainen masto on pystyss\u00e4. Hylyll\u00e4 on eritt\u00e4in helppo suunnistaa, johtuen selke\u00e4st\u00e4 muodosta. Pituutta aluksella on melkein 50 metri\u00e4 ja leveytt\u00e4 9 metri\u00e4. Hylky lep\u00e4\u00e4 42-44 metrin syvyydess\u00e4. Syvyys savupiipun p\u00e4\u00e4h\u00e4n 32 metri\u00e4, takakannella on tasainen 36 metrin syvyys ja ruumakansi on koko matkalta 40 metrin syvyydess\u00e4. N\u00e4kyvyys vaihtelee 3-5 metriin. Loistava iltasukellus kohde kokeneemmille. <\/p>\n\n\n\n<figure class=\"wp-block-gallery columns-1 is-cropped wp-block-gallery-1 is-layout-flex wp-block-gallery-is-layout-flex\"><ul class=\"blocks-gallery-grid\"><li class=\"blocks-gallery-item\"><figure><img data-recalc-dims=\"1\" loading=\"lazy\" decoding=\"async\" width=\"750\" height=\"404\" src=\"https:\/\/i0.wp.com\/finnairinsukeltajat.fi\/wp-content\/uploads\/2021\/03\/IMG-3760-2-e1615976165287-1024x552.png?resize=750%2C404\" alt=\"\" data-id=\"49494\" class=\"wp-image-49494\" srcset=\"https:\/\/i0.wp.com\/finnairinsukeltajat.fi\/wp-content\/uploads\/2021\/03\/IMG-3760-2-e1615976165287.png?resize=1024%2C552 1024w, https:\/\/i0.wp.com\/finnairinsukeltajat.fi\/wp-content\/uploads\/2021\/03\/IMG-3760-2-e1615976165287.png?resize=300%2C162 300w, https:\/\/i0.wp.com\/finnairinsukeltajat.fi\/wp-content\/uploads\/2021\/03\/IMG-3760-2-e1615976165287.png?resize=1536%2C827 1536w, https:\/\/i0.wp.com\/finnairinsukeltajat.fi\/wp-content\/uploads\/2021\/03\/IMG-3760-2-e1615976165287.png?w=1628 1628w\" sizes=\"auto, (max-width: 750px) 100vw, 750px\" \/><\/figure><\/li><\/ul><\/figure>\n","protected":false},"excerpt":{"rendered":"<p>Alca upposi Sipooseen S\u00f6dersk\u00e4r-majakan etel\u00e4puolelle 27.8.1951. Rahtilaiva on oikein p\u00e4in &#8211; t\u00e4ysin muodossa ja suhteellisen hyvin s\u00e4ilynyt. Se oli matkalla Gdyniasta Kotkaan kivihiililastissa. Rahtilaivan hylyss\u00e4 on kaksi ruumaa ja ohjaushytti takana. Se on melko ehj\u00e4. Runko on ter\u00e4st\u00e4, kyljet puuta. Komentosillan ylin hytti on tuhoutunut. Keulassa on selke\u00e4 repeytym\u00e4 vasemmalla [&hellip;]<\/p>\n","protected":false},"author":1,"featured_media":0,"parent":0,"menu_order":0,"comment_status":"closed","ping_status":"closed","template":"","meta":{"footnotes":""},"class_list":["post-47271","page","type-page","status-publish","hentry"],"jetpack_sharing_enabled":true,"_links":{"self":[{"href":"http:\/\/finnairinsukeltajat.fi\/index.php?rest_route=\/wp\/v2\/pages\/47271","targetHints":{"allow":["GET"]}}],"collection":[{"href":"http:\/\/finnairinsukeltajat.fi\/index.php?rest_route=\/wp\/v2\/pages"}],"about":[{"href":"http:\/\/finnairinsukeltajat.fi\/index.php?rest_route=\/wp\/v2\/types\/page"}],"author":[{"embeddable":true,"href":"http:\/\/finnairinsukeltajat.fi\/index.php?rest_route=\/wp\/v2\/users\/1"}],"replies":[{"embeddable":true,"href":"http:\/\/finnairinsukeltajat.fi\/index.php?rest_route=%2Fwp%2Fv2%2Fcomments&post=47271"}],"version-history":[{"count":4,"href":"http:\/\/finnairinsukeltajat.fi\/index.php?rest_route=\/wp\/v2\/pages\/47271\/revisions"}],"predecessor-version":[{"id":49528,"href":"http:\/\/finnairinsukeltajat.fi\/index.php?rest_route=\/wp\/v2\/pages\/47271\/revisions\/49528"}],"wp:attachment":[{"href":"http:\/\/finnairinsukeltajat.fi\/index.php?rest_route=%2Fwp%2Fv2%2Fmedia&parent=47271"}],"curies":[{"name":"wp","href":"https:\/\/api.w.org\/{rel}","templated":true}]}}