{"id":47274,"date":"2020-07-12T16:54:50","date_gmt":"2020-07-12T13:54:50","guid":{"rendered":"http:\/\/finnairinsukeltajat.fi\/?page_id=47274"},"modified":"2021-03-18T17:55:10","modified_gmt":"2021-03-18T15:55:10","slug":"tiikkihylky","status":"publish","type":"page","link":"http:\/\/finnairinsukeltajat.fi\/?page_id=47274","title":{"rendered":"Tiikkihylky"},"content":{"rendered":"\n<p>T\u00e4m\u00e4 alus on ollut tiikkipuulastissa Porvoon vesill\u00e4, kun se on 1800-luvulla uponnut. Hylky on 14 metrin syvyydess\u00e4 mutapohjalla, joten n\u00e4kyvyys on paikalla usein huono.<\/p>\n\n\n\n<div class=\"wp-block-jetpack-slideshow aligncenter\" data-effect=\"slide\"><div class=\"wp-block-jetpack-slideshow_container swiper-container\"><ul class=\"wp-block-jetpack-slideshow_swiper-wrapper swiper-wrapper\"><li class=\"wp-block-jetpack-slideshow_slide swiper-slide\"><figure><img data-recalc-dims=\"1\" loading=\"lazy\" decoding=\"async\" width=\"750\" height=\"422\" alt=\"\" class=\"wp-block-jetpack-slideshow_image wp-image-49548\" data-id=\"49548\" src=\"https:\/\/i0.wp.com\/finnairinsukeltajat.fi\/wp-content\/uploads\/2021\/03\/PHOTO-2021-03-18-17-45-46.jpg?resize=750%2C422\" srcset=\"https:\/\/i0.wp.com\/finnairinsukeltajat.fi\/wp-content\/uploads\/2021\/03\/PHOTO-2021-03-18-17-45-46.jpg?resize=1024%2C576 1024w, https:\/\/i0.wp.com\/finnairinsukeltajat.fi\/wp-content\/uploads\/2021\/03\/PHOTO-2021-03-18-17-45-46.jpg?resize=300%2C169 300w, https:\/\/i0.wp.com\/finnairinsukeltajat.fi\/wp-content\/uploads\/2021\/03\/PHOTO-2021-03-18-17-45-46.jpg?w=1130 1130w\" sizes=\"(max-width: 750px) 100vw, 750px\" \/><\/figure><\/li><li class=\"wp-block-jetpack-slideshow_slide swiper-slide\"><figure><img data-recalc-dims=\"1\" loading=\"lazy\" decoding=\"async\" width=\"750\" height=\"422\" alt=\"\" class=\"wp-block-jetpack-slideshow_image wp-image-49549\" data-id=\"49549\" src=\"https:\/\/i0.wp.com\/finnairinsukeltajat.fi\/wp-content\/uploads\/2021\/03\/PHOTO-2021-03-18-17-45-48.jpg?resize=750%2C422\" srcset=\"https:\/\/i0.wp.com\/finnairinsukeltajat.fi\/wp-content\/uploads\/2021\/03\/PHOTO-2021-03-18-17-45-48.jpg?resize=1024%2C576 1024w, https:\/\/i0.wp.com\/finnairinsukeltajat.fi\/wp-content\/uploads\/2021\/03\/PHOTO-2021-03-18-17-45-48.jpg?resize=300%2C169 300w, https:\/\/i0.wp.com\/finnairinsukeltajat.fi\/wp-content\/uploads\/2021\/03\/PHOTO-2021-03-18-17-45-48.jpg?w=1130 1130w\" sizes=\"(max-width: 750px) 100vw, 750px\" \/><\/figure><\/li><li class=\"wp-block-jetpack-slideshow_slide swiper-slide\"><figure><img data-recalc-dims=\"1\" loading=\"lazy\" decoding=\"async\" width=\"750\" height=\"422\" alt=\"\" class=\"wp-block-jetpack-slideshow_image wp-image-49550\" data-id=\"49550\" src=\"https:\/\/i0.wp.com\/finnairinsukeltajat.fi\/wp-content\/uploads\/2021\/03\/PHOTO-2021-03-18-17-45-49.jpg?resize=750%2C422\" srcset=\"https:\/\/i0.wp.com\/finnairinsukeltajat.fi\/wp-content\/uploads\/2021\/03\/PHOTO-2021-03-18-17-45-49.jpg?resize=1024%2C576 1024w, https:\/\/i0.wp.com\/finnairinsukeltajat.fi\/wp-content\/uploads\/2021\/03\/PHOTO-2021-03-18-17-45-49.jpg?resize=300%2C169 300w, https:\/\/i0.wp.com\/finnairinsukeltajat.fi\/wp-content\/uploads\/2021\/03\/PHOTO-2021-03-18-17-45-49.jpg?w=1130 1130w\" sizes=\"(max-width: 750px) 100vw, 750px\" \/><\/figure><\/li><li class=\"wp-block-jetpack-slideshow_slide swiper-slide\"><figure><img data-recalc-dims=\"1\" loading=\"lazy\" decoding=\"async\" width=\"750\" height=\"422\" alt=\"\" class=\"wp-block-jetpack-slideshow_image wp-image-49551\" data-id=\"49551\" src=\"https:\/\/i0.wp.com\/finnairinsukeltajat.fi\/wp-content\/uploads\/2021\/03\/PHOTO-2021-03-18-17-45-49oo.jpg?resize=750%2C422\" srcset=\"https:\/\/i0.wp.com\/finnairinsukeltajat.fi\/wp-content\/uploads\/2021\/03\/PHOTO-2021-03-18-17-45-49oo.jpg?resize=1024%2C576 1024w, https:\/\/i0.wp.com\/finnairinsukeltajat.fi\/wp-content\/uploads\/2021\/03\/PHOTO-2021-03-18-17-45-49oo.jpg?resize=300%2C169 300w, https:\/\/i0.wp.com\/finnairinsukeltajat.fi\/wp-content\/uploads\/2021\/03\/PHOTO-2021-03-18-17-45-49oo.jpg?w=1130 1130w\" sizes=\"(max-width: 750px) 100vw, 750px\" \/><\/figure><\/li><li class=\"wp-block-jetpack-slideshow_slide swiper-slide\"><figure><img data-recalc-dims=\"1\" loading=\"lazy\" decoding=\"async\" width=\"458\" height=\"258\" alt=\"\" class=\"wp-block-jetpack-slideshow_image wp-image-49552\" data-id=\"49552\" src=\"https:\/\/i0.wp.com\/finnairinsukeltajat.fi\/wp-content\/uploads\/2021\/03\/PHOTO-2021-03-18-17-45-49555.jpg?resize=458%2C258\" srcset=\"https:\/\/i0.wp.com\/finnairinsukeltajat.fi\/wp-content\/uploads\/2021\/03\/PHOTO-2021-03-18-17-45-49555.jpg?w=458 458w, https:\/\/i0.wp.com\/finnairinsukeltajat.fi\/wp-content\/uploads\/2021\/03\/PHOTO-2021-03-18-17-45-49555.jpg?resize=300%2C169 300w\" sizes=\"(max-width: 458px) 100vw, 458px\" \/><\/figure><\/li><\/ul><a class=\"wp-block-jetpack-slideshow_button-prev swiper-button-prev swiper-button-white\" role=\"button\"><\/a><a class=\"wp-block-jetpack-slideshow_button-next swiper-button-next swiper-button-white\" role=\"button\"><\/a><a aria-label=\"Pause Slideshow\" class=\"wp-block-jetpack-slideshow_button-pause\" role=\"button\"><\/a><div class=\"wp-block-jetpack-slideshow_pagination swiper-pagination swiper-pagination-white\"><\/div><\/div><\/div>\n","protected":false},"excerpt":{"rendered":"<p>T\u00e4m\u00e4 alus on ollut tiikkipuulastissa Porvoon vesill\u00e4, kun se on 1800-luvulla uponnut. Hylky on 14 metrin syvyydess\u00e4 mutapohjalla, joten n\u00e4kyvyys on paikalla usein huono.<\/p>\n","protected":false},"author":1,"featured_media":0,"parent":0,"menu_order":0,"comment_status":"closed","ping_status":"closed","template":"","meta":{"footnotes":""},"class_list":["post-47274","page","type-page","status-publish","hentry"],"jetpack_sharing_enabled":true,"_links":{"self":[{"href":"http:\/\/finnairinsukeltajat.fi\/index.php?rest_route=\/wp\/v2\/pages\/47274","targetHints":{"allow":["GET"]}}],"collection":[{"href":"http:\/\/finnairinsukeltajat.fi\/index.php?rest_route=\/wp\/v2\/pages"}],"about":[{"href":"http:\/\/finnairinsukeltajat.fi\/index.php?rest_route=\/wp\/v2\/types\/page"}],"author":[{"embeddable":true,"href":"http:\/\/finnairinsukeltajat.fi\/index.php?rest_route=\/wp\/v2\/users\/1"}],"replies":[{"embeddable":true,"href":"http:\/\/finnairinsukeltajat.fi\/index.php?rest_route=%2Fwp%2Fv2%2Fcomments&post=47274"}],"version-history":[{"count":3,"href":"http:\/\/finnairinsukeltajat.fi\/index.php?rest_route=\/wp\/v2\/pages\/47274\/revisions"}],"predecessor-version":[{"id":49555,"href":"http:\/\/finnairinsukeltajat.fi\/index.php?rest_route=\/wp\/v2\/pages\/47274\/revisions\/49555"}],"wp:attachment":[{"href":"http:\/\/finnairinsukeltajat.fi\/index.php?rest_route=%2Fwp%2Fv2%2Fmedia&parent=47274"}],"curies":[{"name":"wp","href":"https:\/\/api.w.org\/{rel}","templated":true}]}}