{"id":47276,"date":"2020-07-12T16:56:13","date_gmt":"2020-07-12T13:56:13","guid":{"rendered":"http:\/\/finnairinsukeltajat.fi\/?page_id=47276"},"modified":"2021-03-18T21:40:34","modified_gmt":"2021-03-18T19:40:34","slug":"kultakaleeri","status":"publish","type":"page","link":"http:\/\/finnairinsukeltajat.fi\/?page_id=47276","title":{"rendered":"Kultakaleeri"},"content":{"rendered":"\n<p>Hylky on puurunkoinen, noin 40m pitk\u00e4 ja hajonnut laajalle alueelle. Tarina kertoo kyseess\u00e4 olleen Ven\u00e4j\u00e4n laivaston alus, miss\u00e4 olisi ollut armeijan palkkarahoja &#8211; t\u00e4st\u00e4 nimi Kultakaleeri. T\u00e4m\u00e4n uppoamisaika oli 1721. Ilmeisesti ensimm\u00e4iset sukellukset Suomessa tehtiin t\u00e4m\u00e4n aluksen lastin nostamiseksi 1736 sukelluskellolla. Yl\u00f6s saatiin kirkonkello ja joitakin pieni\u00e4 esineit\u00e4. Hyllyll\u00e4 sukeltaminen vaatii aluevalvontaluvan. Helppo kohde Em\u00e4salon l\u00e4hell\u00e4.<\/p>\n","protected":false},"excerpt":{"rendered":"<p>Hylky on puurunkoinen, noin 40m pitk\u00e4 ja hajonnut laajalle alueelle. Tarina kertoo kyseess\u00e4 olleen Ven\u00e4j\u00e4n laivaston alus, miss\u00e4 olisi ollut armeijan palkkarahoja &#8211; t\u00e4st\u00e4 nimi Kultakaleeri. T\u00e4m\u00e4n uppoamisaika oli 1721. Ilmeisesti ensimm\u00e4iset sukellukset Suomessa tehtiin t\u00e4m\u00e4n aluksen lastin nostamiseksi 1736 sukelluskellolla. Yl\u00f6s saatiin kirkonkello ja joitakin pieni\u00e4 esineit\u00e4. Hyllyll\u00e4 sukeltaminen [&hellip;]<\/p>\n","protected":false},"author":1,"featured_media":0,"parent":0,"menu_order":0,"comment_status":"closed","ping_status":"closed","template":"","meta":{"footnotes":""},"class_list":["post-47276","page","type-page","status-publish","hentry"],"jetpack_sharing_enabled":true,"_links":{"self":[{"href":"http:\/\/finnairinsukeltajat.fi\/index.php?rest_route=\/wp\/v2\/pages\/47276","targetHints":{"allow":["GET"]}}],"collection":[{"href":"http:\/\/finnairinsukeltajat.fi\/index.php?rest_route=\/wp\/v2\/pages"}],"about":[{"href":"http:\/\/finnairinsukeltajat.fi\/index.php?rest_route=\/wp\/v2\/types\/page"}],"author":[{"embeddable":true,"href":"http:\/\/finnairinsukeltajat.fi\/index.php?rest_route=\/wp\/v2\/users\/1"}],"replies":[{"embeddable":true,"href":"http:\/\/finnairinsukeltajat.fi\/index.php?rest_route=%2Fwp%2Fv2%2Fcomments&post=47276"}],"version-history":[{"count":2,"href":"http:\/\/finnairinsukeltajat.fi\/index.php?rest_route=\/wp\/v2\/pages\/47276\/revisions"}],"predecessor-version":[{"id":49557,"href":"http:\/\/finnairinsukeltajat.fi\/index.php?rest_route=\/wp\/v2\/pages\/47276\/revisions\/49557"}],"wp:attachment":[{"href":"http:\/\/finnairinsukeltajat.fi\/index.php?rest_route=%2Fwp%2Fv2%2Fmedia&parent=47276"}],"curies":[{"name":"wp","href":"https:\/\/api.w.org\/{rel}","templated":true}]}}