{"id":47278,"date":"2020-07-12T16:56:56","date_gmt":"2020-07-12T13:56:56","guid":{"rendered":"http:\/\/finnairinsukeltajat.fi\/?page_id=47278"},"modified":"2020-07-12T16:56:56","modified_gmt":"2020-07-12T13:56:56","slug":"chrysant","status":"publish","type":"page","link":"http:\/\/finnairinsukeltajat.fi\/?page_id=47278","title":{"rendered":"Chrysant"},"content":{"rendered":"\n<p>Em\u00e4salon vieress\u00e4, oikein p\u00e4in oleva rahtialus. Suht ehj\u00e4 ja usein hyv\u00e4 n\u00e4kyvyys ja valoa riitt\u00e4\u00e4. Eritt\u00e4in suosittu my\u00f6s talvella.<\/p>\n","protected":false},"excerpt":{"rendered":"<p>Em\u00e4salon vieress\u00e4, oikein p\u00e4in oleva rahtialus. Suht ehj\u00e4 ja usein hyv\u00e4 n\u00e4kyvyys ja valoa riitt\u00e4\u00e4. Eritt\u00e4in suosittu my\u00f6s talvella.<\/p>\n","protected":false},"author":1,"featured_media":0,"parent":0,"menu_order":0,"comment_status":"closed","ping_status":"closed","template":"","meta":{"footnotes":""},"class_list":["post-47278","page","type-page","status-publish","hentry"],"jetpack_sharing_enabled":true,"_links":{"self":[{"href":"http:\/\/finnairinsukeltajat.fi\/index.php?rest_route=\/wp\/v2\/pages\/47278","targetHints":{"allow":["GET"]}}],"collection":[{"href":"http:\/\/finnairinsukeltajat.fi\/index.php?rest_route=\/wp\/v2\/pages"}],"about":[{"href":"http:\/\/finnairinsukeltajat.fi\/index.php?rest_route=\/wp\/v2\/types\/page"}],"author":[{"embeddable":true,"href":"http:\/\/finnairinsukeltajat.fi\/index.php?rest_route=\/wp\/v2\/users\/1"}],"replies":[{"embeddable":true,"href":"http:\/\/finnairinsukeltajat.fi\/index.php?rest_route=%2Fwp%2Fv2%2Fcomments&post=47278"}],"version-history":[{"count":1,"href":"http:\/\/finnairinsukeltajat.fi\/index.php?rest_route=\/wp\/v2\/pages\/47278\/revisions"}],"predecessor-version":[{"id":47279,"href":"http:\/\/finnairinsukeltajat.fi\/index.php?rest_route=\/wp\/v2\/pages\/47278\/revisions\/47279"}],"wp:attachment":[{"href":"http:\/\/finnairinsukeltajat.fi\/index.php?rest_route=%2Fwp%2Fv2%2Fmedia&parent=47278"}],"curies":[{"name":"wp","href":"https:\/\/api.w.org\/{rel}","templated":true}]}}