{"id":49626,"date":"2021-05-10T21:33:10","date_gmt":"2021-05-10T18:33:10","guid":{"rendered":"http:\/\/finnairinsukeltajat.fi\/?page_id=49626"},"modified":"2026-03-11T18:43:44","modified_gmt":"2026-03-11T16:43:44","slug":"maksut","status":"publish","type":"page","link":"http:\/\/finnairinsukeltajat.fi\/?page_id=49626","title":{"rendered":"Maksut"},"content":{"rendered":"\n<p><strong>Maksut vuodelle 2026<\/strong>:<\/p>\n\n\n\n<p>J\u00e4senmaksu 50\u20ac + sukeltajaliiton j\u00e4senmaksu. Konsernin ulkopuoliset +5\u20ac.<br>Ylim\u00e4\u00e4r\u00e4inen j\u00e4senmaksu 50\u20ac t\u00e4ysi-ik\u00e4iselt\u00e4 j\u00e4senelt\u00e4.<br>Rinnakkaisj\u00e4sen 50\u20ac+50\u20ac<br>Nuorisoj\u00e4sen 0\u20ac (15-vuotiaaksi asti)<br>Kunniaj\u00e4sen 0\u20ac<br><\/p>\n\n\n\n<p>Kompressorimaksu 50\u20ac, alle viisi t\u00e4ytt\u00f6\u00e4 kalenterivuodessa 30\u20ac (pelkk\u00e4 paineilma)<br>Kompressorimaksu 60\u20ac (nitrox 36% asti)<\/p>\n\n\n\n<p>P1-kurssi 450\u20ac (Kurssimaksuun sis\u00e4ltyy my\u00f6s kuluvan vuoden j\u00e4senyys Finnairin sukeltajiin ja sukeltajaliittoon. Sis\u00e4lt\u00e4\u00e4 v\u00e4lineet.)<br>P2-kurssi 200\u20ac (Kurssimaksuun sis\u00e4ltyy v\u00e4lineet.)<\/p>\n\n\n\n<p>Sukelluskokeilu allasvuorollamme 30\u20ac<\/p>\n\n\n\n<p>Laitepaketti kalenterivuodeksi 200\u20ac (sis\u00e4lt\u00e4\u00e4 paineilman, nitrox +10\u20ac)<\/p>\n\n\n\n<p><a href=\"http:\/\/finnairinsukeltajat.fi\/wp-content\/uploads\/2024\/04\/Hinnasto.pdf\" data-type=\"URL\" data-id=\"http:\/\/finnairinsukeltajat.fi\/wp-content\/uploads\/2024\/04\/Hinnasto.pdf\" target=\"_blank\" rel=\"noreferrer noopener\">Sukellusreissu Cicilialla vy\u00f6hykkeen mukaan.<\/a> Ulkopuoliset +5\u20ac. K\u00e4yt\u00f6ss\u00e4 edelleen j\u00e4senille ns. femma kortti.<\/p>\n\n\n\n<p>Varastopaikka seuran t\u00e4ytt\u00f6asemalla yhdeksi vuodeksi 200\u20ac<\/p>\n\n\n\n<p><\/p>\n\n\n\n<p><br><\/p>\n\n\n\n<p>Seuran tilinumero:<br>FI 32 1400 3000 1275 46<\/p>\n\n\n\n<p><\/p>\n","protected":false},"excerpt":{"rendered":"<p>Maksut vuodelle 2026: J\u00e4senmaksu 50\u20ac + sukeltajaliiton j\u00e4senmaksu. Konsernin ulkopuoliset +5\u20ac.Ylim\u00e4\u00e4r\u00e4inen j\u00e4senmaksu 50\u20ac t\u00e4ysi-ik\u00e4iselt\u00e4 j\u00e4senelt\u00e4.Rinnakkaisj\u00e4sen 50\u20ac+50\u20acNuorisoj\u00e4sen 0\u20ac (15-vuotiaaksi asti)Kunniaj\u00e4sen 0\u20ac Kompressorimaksu 50\u20ac, alle viisi t\u00e4ytt\u00f6\u00e4 kalenterivuodessa 30\u20ac (pelkk\u00e4 paineilma)Kompressorimaksu 60\u20ac (nitrox 36% asti) P1-kurssi 450\u20ac (Kurssimaksuun sis\u00e4ltyy my\u00f6s kuluvan vuoden j\u00e4senyys Finnairin sukeltajiin ja sukeltajaliittoon. Sis\u00e4lt\u00e4\u00e4 v\u00e4lineet.)P2-kurssi 200\u20ac (Kurssimaksuun sis\u00e4ltyy [&hellip;]<\/p>\n","protected":false},"author":1,"featured_media":0,"parent":0,"menu_order":0,"comment_status":"closed","ping_status":"closed","template":"","meta":{"footnotes":""},"class_list":["post-49626","page","type-page","status-publish","hentry"],"jetpack_sharing_enabled":true,"_links":{"self":[{"href":"http:\/\/finnairinsukeltajat.fi\/index.php?rest_route=\/wp\/v2\/pages\/49626","targetHints":{"allow":["GET"]}}],"collection":[{"href":"http:\/\/finnairinsukeltajat.fi\/index.php?rest_route=\/wp\/v2\/pages"}],"about":[{"href":"http:\/\/finnairinsukeltajat.fi\/index.php?rest_route=\/wp\/v2\/types\/page"}],"author":[{"embeddable":true,"href":"http:\/\/finnairinsukeltajat.fi\/index.php?rest_route=\/wp\/v2\/users\/1"}],"replies":[{"embeddable":true,"href":"http:\/\/finnairinsukeltajat.fi\/index.php?rest_route=%2Fwp%2Fv2%2Fcomments&post=49626"}],"version-history":[{"count":18,"href":"http:\/\/finnairinsukeltajat.fi\/index.php?rest_route=\/wp\/v2\/pages\/49626\/revisions"}],"predecessor-version":[{"id":50130,"href":"http:\/\/finnairinsukeltajat.fi\/index.php?rest_route=\/wp\/v2\/pages\/49626\/revisions\/50130"}],"wp:attachment":[{"href":"http:\/\/finnairinsukeltajat.fi\/index.php?rest_route=%2Fwp%2Fv2%2Fmedia&parent=49626"}],"curies":[{"name":"wp","href":"https:\/\/api.w.org\/{rel}","templated":true}]}}