{"id":737,"date":"2016-02-23T23:25:02","date_gmt":"2016-02-23T21:25:02","guid":{"rendered":"http:\/\/finnairinsukeltajat.fi\/?page_id=737"},"modified":"2020-07-12T17:04:55","modified_gmt":"2020-07-12T14:04:55","slug":"sukelluskohteita","status":"publish","type":"page","link":"http:\/\/finnairinsukeltajat.fi\/?page_id=737","title":{"rendered":"Sukelluskohteita"},"content":{"rendered":"<p>Finnairin sukeltajat ry:n j\u00e4senet ovat suosineet useita sukelluskohteita.<\/p>\n<p>Monet niist\u00e4 on hylkyj\u00e4, jotka sijaitsevat eri puolilla Suomenlahtea ja vaatimustasoiltaan erilaisissa kohteissa ja syvyyksiss\u00e4<br \/>\nHylkykohteisiin p\u00e4\u00e4set mm. tutustumaan t\u00e4\u00e4lt\u00e4: <a href=\"http:\/\/www.hylyt.net\/\" target=\"_blank\" rel=\"noopener noreferrer\">www.hylyt net<\/a><\/p>\n<p>Sukelluskohteissa tullaan vierailemaan kohteesta ja s\u00e4\u00e4olosuhteista riippuen joko kerhon omalla Cicilia ll veneell\u00e4, kumiveneell\u00e4 tai autoilla.<\/p>\n<p>Hylyt netin sivujen ongelman takia, k\u00e4yt\u00e4mme heid\u00e4n antamaa informatiota omalla sivullamme.<br \/>\n<strong><br \/>\n<\/strong><\/p>\n","protected":false},"excerpt":{"rendered":"<p>Finnairin sukeltajat ry:n j\u00e4senet ovat suosineet useita sukelluskohteita. Monet niist\u00e4 on hylkyj\u00e4, jotka sijaitsevat eri puolilla Suomenlahtea ja vaatimustasoiltaan erilaisissa kohteissa ja syvyyksiss\u00e4 Hylkykohteisiin p\u00e4\u00e4set mm. tutustumaan t\u00e4\u00e4lt\u00e4: www.hylyt net Sukelluskohteissa tullaan vierailemaan kohteesta ja s\u00e4\u00e4olosuhteista riippuen joko kerhon omalla Cicilia ll veneell\u00e4, kumiveneell\u00e4 tai autoilla. Hylyt netin sivujen ongelman [&hellip;]<\/p>\n","protected":false},"author":1,"featured_media":0,"parent":0,"menu_order":0,"comment_status":"closed","ping_status":"closed","template":"","meta":{"footnotes":""},"class_list":["post-737","page","type-page","status-publish","hentry"],"jetpack_sharing_enabled":true,"_links":{"self":[{"href":"http:\/\/finnairinsukeltajat.fi\/index.php?rest_route=\/wp\/v2\/pages\/737","targetHints":{"allow":["GET"]}}],"collection":[{"href":"http:\/\/finnairinsukeltajat.fi\/index.php?rest_route=\/wp\/v2\/pages"}],"about":[{"href":"http:\/\/finnairinsukeltajat.fi\/index.php?rest_route=\/wp\/v2\/types\/page"}],"author":[{"embeddable":true,"href":"http:\/\/finnairinsukeltajat.fi\/index.php?rest_route=\/wp\/v2\/users\/1"}],"replies":[{"embeddable":true,"href":"http:\/\/finnairinsukeltajat.fi\/index.php?rest_route=%2Fwp%2Fv2%2Fcomments&post=737"}],"version-history":[{"count":9,"href":"http:\/\/finnairinsukeltajat.fi\/index.php?rest_route=\/wp\/v2\/pages\/737\/revisions"}],"predecessor-version":[{"id":47288,"href":"http:\/\/finnairinsukeltajat.fi\/index.php?rest_route=\/wp\/v2\/pages\/737\/revisions\/47288"}],"wp:attachment":[{"href":"http:\/\/finnairinsukeltajat.fi\/index.php?rest_route=%2Fwp%2Fv2%2Fmedia&parent=737"}],"curies":[{"name":"wp","href":"https:\/\/api.w.org\/{rel}","templated":true}]}}